{"id":6976,"date":"2019-02-17T14:58:41","date_gmt":"2019-02-17T14:58:41","guid":{"rendered":"http:\/\/localhost\/munza\/?page_id=6976"},"modified":"2021-01-06T19:45:38","modified_gmt":"2021-01-06T19:45:38","slug":"services","status":"publish","type":"page","link":"https:\/\/www.imprentagalarte.com\/imprenta\/services\/","title":{"rendered":"Services"},"content":{"rendered":"<p>[vc_row][vc_column width=\u00bb1\/4&#8243; css=\u00bb.vc_custom_1551054490207{padding-right: 7px !important;padding-left: 7px !important;}\u00bb]<div class='wst-icon-box icbx_69e0fc8990627 wst_block_icn animate_content text-center skew-vert'><div class='box_icon ic-img'><span><img width=\"156\" height=\"137\" src=\"https:\/\/www.imprentagalarte.com\/imprenta\/wp-content\/uploads\/2019\/05\/icon_grid.png\" class=\"attachment-full\" alt=\"\" loading=\"lazy\" \/><\/span><\/div><div class='box_content'><h4 class='box_title'>DISE\u00d1O GRAFICO<\/h4><p class=\"box_text\">SERVICIO A IMPRENTAS Y PUBLICO EN GENERAL<\/p>\n<ul class=\"i8Z77e\">\n<li class=\"TrT0Xe\"><b>Dise\u00f1o<\/b>\u00a0de Logotipos.<\/li>\n<li class=\"TrT0Xe\"><b>Dise\u00f1o<\/b>\u00a0de Identidad Corporativa.<\/li>\n<li class=\"TrT0Xe\"><b>Dise\u00f1o<\/b>\u00a0de Imagen Gr\u00e1fica para todo tipo de eventos (Congresos, Seminarios, Cursos, Presentaciones, etc.)<\/li>\n<li class=\"TrT0Xe\"><b>Dise\u00f1o<\/b>\u00a0de Envases y Etiquetas (Packaging y Labeling)<\/li>\n<li class=\"TrT0Xe\"><b>Dise\u00f1o<\/b>\u00a0de Papeler\u00eda.<\/li>\n<li class=\"TrT0Xe\"><b>Dise\u00f1o<\/b>\u00a0de Folletos.<\/li>\n<li class=\"TrT0Xe\"><b>Dise\u00f1o<\/b>\u00a0de Carteles.<\/li>\n<li class=\"TrT0Xe\"><b>Dise\u00f1o<\/b>\u00a0de Flyers.<\/li>\n<\/ul>\n<\/div><\/div>[\/vc_column][vc_column width=\u00bb1\/4&#8243; css=\u00bb.vc_custom_1551054485368{padding-right: 7px !important;padding-left: 7px !important;}\u00bb]<div class='wst-icon-box icbx_69e0fc8990b5f wst_block_icn animate_content text-center'><div class='box_icon ic-img'><span><img width=\"156\" height=\"137\" src=\"https:\/\/www.imprentagalarte.com\/imprenta\/wp-content\/uploads\/2019\/05\/icon_performance.png\" class=\"attachment-full\" alt=\"\" loading=\"lazy\" \/><\/span><\/div><div class='box_content'><h4 class='box_title'>SERIGRAFIA<\/h4><p class=\"box_text\">INVITACIONES, ORACIONES, PLAYERAS, GORRAS, TAZAS, TARJETAS DE PRESENTACION, BOLSAS, LETREROS, RETABLOS, CALCAMONIAS, MAGNETICOS, ABANICOS, CALENDARIOS, COJINES, GLOBOS, CORDONES PARA GAFETES SUBLIMADOS Y EN SERIGRAFIA, PULSERAS, SERVILLETAS, PLUMAS, LLAVEROS, ENCENDEDORES, THERMOS, ANFORAS, SANDALIAS, PANTUMFLAS, CENICEROS, VASOS.<\/p><\/div><\/div>[\/vc_column][vc_column width=\u00bb1\/4&#8243; css=\u00bb.vc_custom_1551054495119{padding-right: 7px !important;padding-left: 7px !important;}\u00bb]<div class='wst-icon-box icbx_69e0fc8990e60 wst_block_icn animate_content text-center skew-vert'><div class='box_icon ic-img'><span><img width=\"156\" height=\"137\" src=\"https:\/\/www.imprentagalarte.com\/imprenta\/wp-content\/uploads\/2019\/05\/icon_rtl.png\" class=\"attachment-full\" alt=\"\" loading=\"lazy\" \/><\/span><\/div><div class='box_content'><h4 class='box_title'>OFFSET<\/h4><p class=\"box_text\">FACTURAS, NOTAS DE VENTA, HOJAS MEMBRETADAS, VOLANTES, SOBRES, ORDENES DE COMPRA, COTIZACIONES, CARTAS DE PORTE, FOLDERS, BOLETOS PARA MICRO, CONTRATOS, RECETARIOS, RECIBOS, TARJETAS PARA COBRO, COMANDAS, TRIPTICOS, DIPTICOS, FOLLETOS, POSTERS, ETC.<\/p><\/div><\/div>[\/vc_column][vc_column width=\u00bb1\/4&#8243; css=\u00bb.vc_custom_1551054500027{padding-right: 7px !important;padding-left: 7px !important;}\u00bb]<div class='wst-icon-box icbx_69e0fc8991130 wst_block_icn animate_content text-center'><div class='box_icon ic-img'><span><img width=\"157\" height=\"137\" src=\"https:\/\/www.imprentagalarte.com\/imprenta\/wp-content\/uploads\/2019\/05\/icon_responsive.png\" class=\"attachment-full\" alt=\"\" loading=\"lazy\" \/><\/span><\/div><div class='box_content'><h4 class='box_title'>ROTULOS COMPUTARIZADOS<\/h4><p class=\"box_text\">SE\u00d1ALIZACI\u00d3N INDUSTRIAL Y COMERCIAL, ANUNCIOS LUMINOSOS, ROTULOS EN VINIL SOBRE DIVERSOS MATERIALES, ROTULACION DE VEHICULOS, ROTULOS A MANO, ANUNCIOS, ADHESIVOS IMPRESOS, ENTRE OTROS.<\/p><\/div><\/div>[\/vc_column][\/vc_row][vc_row][vc_column width=\u00bb1\/4&#8243; css=\u00bb.vc_custom_1551054490207{padding-right: 7px !important;padding-left: 7px !important;}\u00bb]<div class='wst-icon-box icbx_69e0fc89913ff wst_block_icn animate_content text-center skew-vert'><div class='box_icon ic-img'><span><img width=\"156\" height=\"137\" src=\"https:\/\/www.imprentagalarte.com\/imprenta\/wp-content\/uploads\/2019\/05\/icon_grid.png\" class=\"attachment-full\" alt=\"\" loading=\"lazy\" \/><\/span><\/div><div class='box_content'><h4 class='box_title'>IMPRESION DIGITAL<\/h4><p class=\"box_text\">IMPRESION DE LONA, TRASLUCIDA, MESH, VINIL ADHESIVO, VINIL MICROPERFORADO, TARJETAS DE PRESENTACION, GAFETES, CREDENCIALES, INVITACIONES, Impresi\u00f3n en diversos sustratos: Telas, Canvas, Wallpaper, Papel bond, Pel\u00edcula Back lite. Vinil Autoadherible, Reposicionable o Removible, Wallgraphic, Floorgraphic, Esmerilado, entre otros<\/p><\/div><\/div>[\/vc_column][vc_column width=\u00bb1\/4&#8243; css=\u00bb.vc_custom_1551054485368{padding-right: 7px !important;padding-left: 7px !important;}\u00bb]<div class='wst-icon-box icbx_69e0fc89914b9 wst_block_icn animate_content text-center'><div class='box_icon ic-img'><span><img width=\"156\" height=\"137\" src=\"https:\/\/www.imprentagalarte.com\/imprenta\/wp-content\/uploads\/2019\/05\/icon_performance.png\" class=\"attachment-full\" alt=\"\" loading=\"lazy\" \/><\/span><\/div><div class='box_content'><h4 class='box_title'>BORDADO Y DIGITALIZACION<\/h4><p class=\"box_text\">PLAYERAS, UNIFORMES, GORRAS, OVEROLES: Bordamos en prendas armadas, desarmadas y gorras, dando servicio de bordado a empresas, industrias, hoteles, restaurantes, hospitales, escuelas, etc.<\/p>\n<p class=\"elementor-icon-box-description\">Contamos con excelente calidad de digitalizados, con excelentes dise\u00f1adores gr\u00e1ficos y software de ultima generaci\u00f3n, lo que nos permite modificar el dise\u00f1o hasta que el cliente este satisfecho.<\/p>\n<\/div><\/div>[\/vc_column][vc_column width=\u00bb1\/4&#8243; css=\u00bb.vc_custom_1551054495119{padding-right: 7px !important;padding-left: 7px !important;}\u00bb]<div class='wst-icon-box icbx_69e0fc899157a wst_block_icn animate_content text-center skew-vert'><div class='box_icon ic-img'><span><img width=\"156\" height=\"137\" src=\"https:\/\/www.imprentagalarte.com\/imprenta\/wp-content\/uploads\/2019\/05\/icon_rtl.png\" class=\"attachment-full\" alt=\"\" loading=\"lazy\" \/><\/span><\/div><div class='box_content'><h4 class='box_title'>ARTICULOS PROMOCIONALES<\/h4><p class=\"box_text\">THERMOS, LLAVEROS, DESTAPADORES, PELOTAS ANTIESTRESS, ANFORAS, GORRAS, PLUMAS, TAZAS, LONCHERAS, MOCHILAS, PORTARETRATOS, REGLAS, CALCULADORAS, USB, PARAGUAS, DIPLOMAS, FOTOBOTONES, BOLSAS, RELOJES, PULSERAS, MOUSE PAD, AGENDAS, ETC.<\/p>\n<p>Ofrecemos los mejores art\u00edculos promocionales con impresi\u00f3n de alta calidad con env\u00edo a todo M\u00e9xico o entrega en sucursal.<\/p><\/div><\/div>[\/vc_column][vc_column width=\u00bb1\/4&#8243; css=\u00bb.vc_custom_1551054500027{padding-right: 7px !important;padding-left: 7px !important;}\u00bb]<div class='wst-icon-box icbx_69e0fc899163a wst_block_icn animate_content text-center'><div class='box_icon ic-img'><span><img width=\"157\" height=\"137\" src=\"https:\/\/www.imprentagalarte.com\/imprenta\/wp-content\/uploads\/2019\/05\/icon_responsive.png\" class=\"attachment-full\" alt=\"\" loading=\"lazy\" \/><\/span><\/div><div class='box_content'><h4 class='box_title'>EMPASTADO Y ENCUADERNADO<\/h4><p class=\"box_text\"><\/p>\n<ul>\n<li><strong>Servicios de Encuadernado<\/strong><br \/>\nEncuadernado en Mestizas<br \/>\nEncuadernado en Piel<br \/>\nEncuadernado Espa\u00f1ol<br \/>\nEncuadernado Holand\u00e9s<br \/>\nEncuadernado Tradicional<br \/>\nEncuadernado Valenciana Encuadernado de Tesis<br \/>\nEncuadernados Urgentes<\/li>\n<li><strong>Empastados Urgentes<\/strong><br \/>\nEmpastados en Piel<br \/>\nEmpastados de Lujo<br \/>\nEmpastados de Libros<br \/>\nEmpastados de Tesis<\/li>\n<li><strong>Restauraci\u00f3n de Libros<\/strong><br \/>\nReparaci\u00f3n de Libros<\/li>\n<\/ul>\n<\/div><\/div>[\/vc_column][\/vc_row][vc_row][vc_column width=\u00bb1\/4&#8243; css=\u00bb.vc_custom_1551054490207{padding-right: 7px !important;padding-left: 7px !important;}\u00bb]<div class='wst-icon-box icbx_69e0fc899172b wst_block_icn animate_content text-center skew-vert'><div class='box_icon ic-img'><span><img width=\"156\" height=\"137\" src=\"https:\/\/www.imprentagalarte.com\/imprenta\/wp-content\/uploads\/2019\/05\/icon_grid.png\" class=\"attachment-full\" alt=\"\" loading=\"lazy\" \/><\/span><\/div><div class='box_content'><h4 class='box_title'>SELLOS DE ESCRITORIO AUTOENTINTABLES<\/h4><p class=\"box_text\">PLACA RECTANGULAR, CUADRADA, REDONDA, OVALADA, FECHADOR RECTANGULAR Y CUADRADO<\/p><\/div><\/div>[\/vc_column][vc_column width=\u00bb1\/4&#8243; css=\u00bb.vc_custom_1551054485368{padding-right: 7px !important;padding-left: 7px !important;}\u00bb]<div class='wst-icon-box icbx_69e0fc89917c4 wst_block_icn animate_content text-center'><div class='box_icon ic-img'><span><img width=\"156\" height=\"137\" src=\"https:\/\/www.imprentagalarte.com\/imprenta\/wp-content\/uploads\/2019\/05\/icon_performance.png\" class=\"attachment-full\" alt=\"\" loading=\"lazy\" \/><\/span><\/div><div class='box_content'><h4 class='box_title'>SELLOS MANUALES<\/h4><p class=\"box_text\">SELLOS DE GOLPE DE MADERA RECTANGULAR, REDONDO, ETC. FECHADORES PLACA RECTANGULAR, REDONDA, OVALADA.<\/p><\/div><\/div>[\/vc_column][vc_column width=\u00bb1\/4&#8243; css=\u00bb.vc_custom_1551054495119{padding-right: 7px !important;padding-left: 7px !important;}\u00bb]<div class='wst-icon-box icbx_69e0fc899185e wst_block_icn animate_content text-center skew-vert'><div class='box_icon ic-img'><span><img width=\"156\" height=\"137\" src=\"https:\/\/www.imprentagalarte.com\/imprenta\/wp-content\/uploads\/2019\/05\/icon_rtl.png\" class=\"attachment-full\" alt=\"\" loading=\"lazy\" \/><\/span><\/div><div class='box_content'><h4 class='box_title'>SELLOS DE USO RUDO<\/h4><p class=\"box_text\">PLACA RENTANGULAR Y REDONDA, FECHADORES RECTANGULARES Y REDONDOS, FECHADOR ESPECIAL, FOLIADORES.<\/p><\/div><\/div>[\/vc_column][vc_column width=\u00bb1\/4&#8243; css=\u00bb.vc_custom_1551054500027{padding-right: 7px !important;padding-left: 7px !important;}\u00bb]<div class='wst-icon-box icbx_69e0fc8991903 wst_block_icn animate_content text-center'><div class='box_icon ic-img'><span><img width=\"157\" height=\"137\" src=\"https:\/\/www.imprentagalarte.com\/imprenta\/wp-content\/uploads\/2019\/05\/icon_responsive.png\" class=\"attachment-full\" alt=\"\" loading=\"lazy\" \/><\/span><\/div><div class='box_content'><h4 class='box_title'>SELLOS DE BOLSILLO<\/h4><p class=\"box_text\">CUADRADOS, RECTANGULARES, REDONDO Y OVALADOS.<\/p><\/div><\/div>[\/vc_column][\/vc_row][vc_row][vc_column width=\u00bb1\/3&#8243; css=\u00bb.vc_custom_1551054490207{padding-right: 7px !important;padding-left: 7px !important;}\u00bb]<div class='wst-icon-box icbx_69e0fc89919a7 wst_block_icn animate_content text-center skew-vert'><div class='box_icon ic-img'><span><img width=\"156\" height=\"137\" src=\"https:\/\/www.imprentagalarte.com\/imprenta\/wp-content\/uploads\/2019\/05\/icon_grid.png\" class=\"attachment-full\" alt=\"\" loading=\"lazy\" \/><\/span><\/div><div class='box_content'><h4 class='box_title'>ARTICULOS DE ESCRITURA EXCLUSIVOS CON SELLO<\/h4><p class=\"box_text\">AUTOMATIC, GRANDOMATIC, STYLE, MEDIDAS ESPECIALES.<\/p><\/div><\/div>[\/vc_column][vc_column width=\u00bb1\/3&#8243; css=\u00bb.vc_custom_1551054485368{padding-right: 7px !important;padding-left: 7px !important;}\u00bb]<div class='wst-icon-box icbx_69e0fc8991a45 wst_block_icn animate_content text-center'><div class='box_icon ic-img'><span><img width=\"156\" height=\"137\" src=\"https:\/\/www.imprentagalarte.com\/imprenta\/wp-content\/uploads\/2019\/05\/icon_performance.png\" class=\"attachment-full\" alt=\"\" loading=\"lazy\" \/><\/span><\/div><div class='box_content'><h4 class='box_title'>TROQUELADORAS<\/h4><p class=\"box_text\">5 mm. DE DIAMETRO, EL ESPECIALISTA EN SOLUCIONES DE MARCAJE<\/p><\/div><\/div>[\/vc_column][vc_column width=\u00bb1\/3&#8243; css=\u00bb.vc_custom_1551054495119{padding-right: 7px !important;padding-left: 7px !important;}\u00bb]<div class='wst-icon-box icbx_69e0fc8991ada wst_block_icn animate_content text-center skew-vert'><div class='box_icon ic-img'><span><img width=\"156\" height=\"137\" src=\"https:\/\/www.imprentagalarte.com\/imprenta\/wp-content\/uploads\/2019\/05\/icon_rtl.png\" class=\"attachment-full\" alt=\"\" loading=\"lazy\" \/><\/span><\/div><div class='box_content'><h4 class='box_title'>CONSUMIBLES<\/h4><p class=\"box_text\">COJINES, CARTUCHOS Y TINTAS COLOR (NEGRO, AZUL, ROJO, VERDE Y VIOLETA) TINTAS ESPECIALES DE SECADO RAPIDO (NEGRO, AZUL, ROJO, VERDE, VIOLETA Y BLANCO).<\/p><\/div><\/div>[\/vc_column][\/vc_row][vc_row bg_main=\u00bbcolor\u00bb skew_bg=\u00bbyes\u00bb skew_dir=\u00bbcenter\u00bb section_bg_color=\u00bb#f3faff\u00bb][vc_column width=\u00bb1\/3&#8243; css=\u00bb.vc_custom_1551053000836{padding-right: 70px !important;padding-left: 70px !important;}\u00bb]<h4 class='wst-heading simple head_69e0fc8991b66 centered'>Calidad<\/h4><i class='hidden wst-hid-chrt-icon stline-login-keys'><\/i><div id='chrt_69e0fc8991b93' class='wst-circle-pie line-round' data-percentage=\"100\" data-icon=\"stline-login-keys\"><\/div>[\/vc_column][vc_column width=\u00bb1\/3&#8243; css=\u00bb.vc_custom_1551053005824{padding-right: 70px !important;padding-left: 70px !important;}\u00bb]<h4 class='wst-heading simple head_69e0fc8991bb1 centered'>Atenci\u00f3n<\/h4><i class='hidden wst-hid-chrt-icon stline-checklist-pen'><\/i><div id='chrt_69e0fc8991bd3' class='wst-circle-pie line-round' data-percentage=\"100\" data-icon=\"stline-checklist-pen\"><\/div>[\/vc_column][vc_column width=\u00bb1\/3&#8243; css=\u00bb.vc_custom_1551053011151{padding-right: 70px !important;padding-left: 70px !important;}\u00bb]<h4 class='wst-heading simple head_69e0fc8991bf2 centered'>Tiempos de entrega<\/h4><i class='hidden wst-hid-chrt-icon stline-multiple-man-woman-1'><\/i><div id='chrt_69e0fc8991c11' class='wst-circle-pie line-round' data-percentage=\"85\" data-icon=\"stline-multiple-man-woman-1\"><\/div>[\/vc_column][vc_column][vc_video link=\u00bbhttps:\/\/youtu.be\/tGpflnnoC0c\u00bb align=\u00bbcenter\u00bb title=\u00bbImprenta Galarte Servicios\u00bb][\/vc_column][\/vc_row][vc_row equal_height=\u00bbyes\u00bb row_shape=\u00bbbtn4&#8243;][vc_column width=\u00bb1\/2&#8243; css=\u00bb.vc_custom_1552269586392{padding-top: 30px !important;padding-right: 60px !important;}\u00bb]<h3 class='wst-heading simple'>Nos caracterizamos <span style=\"color: #ffcc29\">por dar un servicio<\/span>&#8230;<\/h3>[vc_progress_bar barsstyle=\u00bbprog3&#8243; barshape=\u00bbrounded\u00bb values=\u00bb%5B%7B%22label%22%3A%22Personalizado%22%2C%22value%22%3A%22100%22%2C%22color%22%3A%22custom%22%2C%22customcolor%22%3A%22%23ffcc29%22%7D%2C%7B%22label%22%3A%22Entrega%20en%20tiempos%22%2C%22value%22%3A%22100%22%2C%22color%22%3A%22custom%22%2C%22customcolor%22%3A%22%23dd3333%22%7D%2C%7B%22label%22%3A%22Productos%20de%20calidad%22%2C%22value%22%3A%22100%22%2C%22color%22%3A%22custom%22%2C%22customcolor%22%3A%22%23000000%22%7D%5D\u00bb units=\u00bb%\u00bb css=\u00bb.vc_custom_1607978193786{padding-top: 20px !important;}\u00bb][vc_row_inner idl_shad=\u00bb1&#8243; wst_animation=\u00bbfadeInUp\u00bb css=\u00bb.vc_custom_1562703253749{margin-top: 30px !important;background-color: #ffffff !important;border-radius: 35px !important;}\u00bb][vc_column_inner width=\u00bb1\/3&#8243; css=\u00bb.vc_custom_1497742217257{padding-top: 20px !important;padding-bottom: 20px !important;}\u00bb]<div id='cntr_69e0fc8991c7c' class='counter-box  text-center square '><div class=\"inl-count\"> <span class=\"counter-number\" data-value=\"100\" data-timer=\"1000\">0<\/span><p class=\"counter-title\">Dise\u00f1o<\/p><\/div><\/div>[\/vc_column_inner][vc_column_inner width=\u00bb1\/3&#8243; css=\u00bb.vc_custom_1607977941763{padding-top: 20px !important;padding-bottom: 20px !important;background-color: #dd3333 !important;}\u00bb]<div id='cntr_69e0fc8991ca5' class='counter-box  text-center square '><div class=\"inl-count\"> <span class=\"counter-number\" data-value=\"100\" data-timer=\"1000\">0<\/span><p class=\"counter-title\">Calidad<\/p><\/div><\/div>[\/vc_column_inner][vc_column_inner width=\u00bb1\/3&#8243; css=\u00bb.vc_custom_1497742229474{padding-top: 20px !important;padding-bottom: 20px !important;}\u00bb]<div id='cntr_69e0fc8991cbd' class='counter-box  text-center square '><div class=\"inl-count\"> <span class=\"counter-number\" data-value=\"100\" data-timer=\"1000\">0<\/span><p class=\"counter-title\">Atenci\u00f3n<\/p><\/div><\/div>[\/vc_column_inner][\/vc_row_inner][\/vc_column][vc_column width=\u00bb1\/2&#8243; css=\u00bb.vc_custom_1557787537597{padding-left: 3% !important;}\u00bb][vc_single_image image=\u00bb11878&#8243; img_size=\u00bbfull\u00bb alignment=\u00bbright\u00bb css=\u00bb.vc_custom_1557796053075{margin-right: -90px !important;}\u00bb][\/vc_column][\/vc_row]<\/p>\n","protected":false},"excerpt":{"rendered":"<p>[vc_row][vc_column width=\u00bb1\/4&#8243; css=\u00bb.vc_custom_1551054490207{padding-right: 7px !important;padding-left: 7px !important;}\u00bb][\/vc_column][vc_column width=\u00bb1\/4&#8243; css=\u00bb.vc_custom_1551054485368{padding-right: 7px !important;padding-left: 7px !important;}\u00bb][\/vc_column][vc_column width=\u00bb1\/4&#8243; css=\u00bb.vc_custom_1551054495119{padding-right: 7px !important;padding-left: 7px !important;}\u00bb][\/vc_column][vc_column width=\u00bb1\/4&#8243; css=\u00bb.vc_custom_1551054500027{padding-right: 7px !important;padding-left: 7px !important;}\u00bb][\/vc_column][\/vc_row][vc_row][vc_column width=\u00bb1\/4&#8243; css=\u00bb.vc_custom_1551054490207{padding-right: 7px !important;padding-left: 7px !important;}\u00bb][\/vc_column][vc_column width=\u00bb1\/4&#8243; css=\u00bb.vc_custom_1551054485368{padding-right: 7px !important;padding-left: 7px !important;}\u00bb][\/vc_column][vc_column width=\u00bb1\/4&#8243; css=\u00bb.vc_custom_1551054495119{padding-right: 7px !important;padding-left: 7px !important;}\u00bb][\/vc_column][vc_column width=\u00bb1\/4&#8243; css=\u00bb.vc_custom_1551054500027{padding-right: 7px !important;padding-left: 7px !important;}\u00bb][\/vc_column][\/vc_row][vc_row][vc_column width=\u00bb1\/4&#8243; css=\u00bb.vc_custom_1551054490207{padding-right: 7px !important;padding-left: 7px !important;}\u00bb][\/vc_column][vc_column<\/p>\n<div class=\"wst-more-wrap\"><a class=\"wst-more-btn\" href=\"https:\/\/www.imprentagalarte.com\/imprenta\/services\/\">Read More<\/a><\/div>\n","protected":false},"author":1,"featured_media":0,"parent":0,"menu_order":0,"comment_status":"closed","ping_status":"closed","template":"","meta":{"spay_email":""},"_links":{"self":[{"href":"https:\/\/www.imprentagalarte.com\/imprenta\/wp-json\/wp\/v2\/pages\/6976"}],"collection":[{"href":"https:\/\/www.imprentagalarte.com\/imprenta\/wp-json\/wp\/v2\/pages"}],"about":[{"href":"https:\/\/www.imprentagalarte.com\/imprenta\/wp-json\/wp\/v2\/types\/page"}],"author":[{"embeddable":true,"href":"https:\/\/www.imprentagalarte.com\/imprenta\/wp-json\/wp\/v2\/users\/1"}],"replies":[{"embeddable":true,"href":"https:\/\/www.imprentagalarte.com\/imprenta\/wp-json\/wp\/v2\/comments?post=6976"}],"version-history":[{"count":14,"href":"https:\/\/www.imprentagalarte.com\/imprenta\/wp-json\/wp\/v2\/pages\/6976\/revisions"}],"predecessor-version":[{"id":13778,"href":"https:\/\/www.imprentagalarte.com\/imprenta\/wp-json\/wp\/v2\/pages\/6976\/revisions\/13778"}],"wp:attachment":[{"href":"https:\/\/www.imprentagalarte.com\/imprenta\/wp-json\/wp\/v2\/media?parent=6976"}],"curies":[{"name":"wp","href":"https:\/\/api.w.org\/{rel}","templated":true}]}}