{"id":6968,"date":"2019-02-17T14:56:08","date_gmt":"2019-02-17T14:56:08","guid":{"rendered":"http:\/\/localhost\/munza\/?page_id=6968"},"modified":"2020-12-12T18:58:28","modified_gmt":"2020-12-12T18:58:28","slug":"about-us","status":"publish","type":"page","link":"https:\/\/www.imprentagalarte.com\/imprenta\/about-us\/","title":{"rendered":"About Us"},"content":{"rendered":"<p>[vc_row row_padd=\u00bbxl-padding\u00bb bg_main=\u00bbimage\u00bb fluid=\u00bb1&#8243; full_height=\u00bbyes\u00bb bg_image_repeat=\u00bbno-repeat\u00bb bg_image_position=\u00bb100% 0%\u00bb full_content=\u00bb1&#8243; wst_bg_img=\u00bb11908&#8243;][vc_column width=\u00bb1\/2&#8243; css=\u00bb.vc_custom_1550953674728{padding-right: 10% !important;padding-left: 10% !important;}\u00bb]<h3 class='wst-heading simple head_69e0fc8825fd0'>\u00bfPor qu\u00e9 Elegir Imprenta Galarte?<\/h3><h3 class='wst-heading simple head_69e0fc8826020'><span style=\"color: #ffcc29\">Tenemos m\u00e1s de 20 a\u00f1os <span style=\"color: #333333\">elaborando productos publicitarios<\/span> de alto impacto.<\/span><\/h3>[vc_column_text css_animation=\u00bbnone\u00bb css=\u00bb.vc_custom_1607798229565{padding-right: 5% !important;padding-bottom: 60px !important;}\u00bb]Contamos con personal capacitado en diversas \u00e1reas de impresi\u00f3n y nos comprometemos a brindar el mejor servicio.[\/vc_column_text]<a class=\"btn btn_69e0fc882609c rounded btn-anim animate1 btn-hover-shad\" href=\"https:\/\/www.imprentagalarte.com\/imprenta\/contact-1\/\"  title=\"Contact 1\" target=\"_self\"><span><span style=\"color: #ffffff\">Cont\u00e1ctanos<\/span><\/span><\/a>[\/vc_column][vc_column width=\u00bb1\/2&#8243;][\/vc_column][\/vc_row][vc_row bg_main=\u00bbcolor\u00bb skew_bg=\u00bbyes\u00bb skew_deg=\u00bb5&#8243; section_bg_color=\u00bb#edf6fc\u00bb css=\u00bb.vc_custom_1563760487958{margin-top: 120px !important;}\u00bb][vc_column width=\u00bb1\/2&#8243; css=\u00bb.vc_custom_1550954597513{padding-right: 8% !important;}\u00bb][vc_single_image image=\u00bb13685&#8243; img_size=\u00bbfull\u00bb][\/vc_column][vc_column width=\u00bb1\/2&#8243;]<h3 class='wst-heading main'>Nuestra Filosof\u00eda<\/h3>[vc_column_text css=\u00bb.vc_custom_1607798403888{padding-right: 5% !important;padding-bottom: 50px !important;}\u00bb]Ser una organizaci\u00f3n integral de artes gr\u00e1ficas, que satisfaga todas las necesidades de impresi\u00f3n en cuanto a calidad, rapidez y eficiencia que nuestros clientes requieren; apoy\u00e1ndonos en la excelencia de nuestro capital humano y tecnolog\u00eda de vanguardia.[\/vc_column_text][wst_list list_border_style=\u00bbdashed\u00bb list_border_width=\u00bb1&#8243; list_border_color=\u00bb#efefef\u00bb]<li class=\"wst_list_69e0fc8826126 hasI\"><i class=\"stline-hammer-wench\"><\/i><div class=\"wst_list_head\">Trabajo Constante<\/div><\/li><li class=\"wst_list_69e0fc8826144 hasI\"><i class=\"stline-people-man-3\"><\/i><div class=\"wst_list_head\">Satisfacci\u00f3n del cliente<\/div><\/li><li class=\"wst_list_69e0fc882615b hasI\"><i class=\"stline-gift-box-1\"><\/i><div class=\"wst_list_head\">Dise\u00f1o con calidad<\/div><\/li><li class=\"wst_list_69e0fc882616f hasI\"><i class=\"stline-login-key-1\"><\/i><div class=\"wst_list_head\">Horarios flexibles para nuestros clientes<\/div><\/li><li class=\"wst_list_69e0fc8826185 hasI\"><i class=\"stline-check-badge\"><\/i><div class=\"wst_list_head\">Mejora continua en nuestros servicios.<\/div><\/li>[\/wst_list][\/vc_column][\/vc_row][vc_row][vc_column]<h3 class='wst-heading main head_69e0fc8826199 centered'>Filosof\u00eda Galarte<\/h3>[vc_row_inner][vc_column_inner width=\u00bb1\/3&#8243;]<div class='wst-icon-box icbx_69e0fc88261fc wst_block_icn animate_content text-center skew-horiz'><div class='box_icon ic-img'><span><img width=\"519\" height=\"626\" src=\"https:\/\/www.imprentagalarte.com\/imprenta\/wp-content\/uploads\/2019\/05\/ppl_running.png\" class=\"attachment-full\" alt=\"\" loading=\"lazy\" srcset=\"https:\/\/www.imprentagalarte.com\/imprenta\/wp-content\/uploads\/2019\/05\/ppl_running.png 519w, https:\/\/www.imprentagalarte.com\/imprenta\/wp-content\/uploads\/2019\/05\/ppl_running-249x300.png 249w\" sizes=\"(max-width: 519px) 100vw, 519px\" \/><\/span><\/div><div class='box_content'><h4 class='box_title'>Misi\u00f3n<\/h4><p class=\"box_text\">SER UNA ORGANIZACION INTEGRAL SATISFACIENDO SUS NECESIDADES Y ESPECTATIVAS AL MAXIMO, ESTABLECIENDO UNA RELACION DE CONFIANZA Y AMISTAD, OPTIMIZANDO TODOS SUS RECURSOS Y OFRECIENDO ASESORIA Y TECNOLOGIA DE PUNTA.<\/p><\/div><\/div>[\/vc_column_inner][vc_column_inner width=\u00bb1\/3&#8243;]<div class='wst-icon-box icbx_69e0fc8826636 wst_block_icn animate_content text-center skew-horiz'><div class='box_icon ic-img'><span><img width=\"851\" height=\"747\" src=\"https:\/\/www.imprentagalarte.com\/imprenta\/wp-content\/uploads\/2019\/05\/about-me.png\" class=\"attachment-full\" alt=\"\" loading=\"lazy\" srcset=\"https:\/\/www.imprentagalarte.com\/imprenta\/wp-content\/uploads\/2019\/05\/about-me.png 851w, https:\/\/www.imprentagalarte.com\/imprenta\/wp-content\/uploads\/2019\/05\/about-me-300x263.png 300w, https:\/\/www.imprentagalarte.com\/imprenta\/wp-content\/uploads\/2019\/05\/about-me-768x674.png 768w\" sizes=\"(max-width: 851px) 100vw, 851px\" \/><\/span><\/div><div class='box_content'><h4 class='box_title'>Visi\u00f3n<\/h4><p class=\"box_text\">SER UNA EMPRESA LIDER EN EL MERCADO NACIONAL EN LA RAMA DE LAS ARTES GRAFICAS A TRAVES DE UN SERVICIO DIFERENCIADO, PERSONALIZADO Y EFICIENTE, QUE EXCEDA LAS EXPECTATIVAS DE NUESTROS CLIENTES ENTREGANDO PRODUCTOS DE CALIDAD. NUESTRA GENTE ES LO MAS IMPORTANTE Y NUESTRO OBJETIVO ES CRECER Y DESARROLLARNOS JUNTOS.<\/p><\/div><\/div>[\/vc_column_inner][vc_column_inner width=\u00bb1\/3&#8243;]<div class='wst-icon-box icbx_69e0fc88269e8 wst_block_icn animate_content text-center skew-horiz'><div class='box_icon ic-img'><span><img width=\"598\" height=\"646\" src=\"https:\/\/www.imprentagalarte.com\/imprenta\/wp-content\/uploads\/2019\/05\/ppl6.png\" class=\"attachment-full\" alt=\"\" loading=\"lazy\" srcset=\"https:\/\/www.imprentagalarte.com\/imprenta\/wp-content\/uploads\/2019\/05\/ppl6.png 598w, https:\/\/www.imprentagalarte.com\/imprenta\/wp-content\/uploads\/2019\/05\/ppl6-278x300.png 278w\" sizes=\"(max-width: 598px) 100vw, 598px\" \/><\/span><\/div><div class='box_content'><h4 class='box_title'>Valores<\/h4><p class=\"box_text\">&#8211; ACTITUD DE SERVICIO<br \/>\n&#8211; COMPROMISO<br \/>\n&#8211; RESPONSABILIDAD<br \/>\n&#8211; INTEGRIDAD<br \/>\n&#8211; HONESTIDAD<\/p><\/div><\/div>[\/vc_column_inner][\/vc_row_inner][vc_row_inner css=\u00bb.vc_custom_1550960850796{margin-top: 80px !important;border-top-width: 1px !important;padding-top: 80px !important;border-top-color: #e5e5e5 !important;border-top-style: dashed !important;}\u00bb][vc_column_inner width=\u00bb1\/4&#8243;]<div id='cntr_69e0fc8826c82' class='counter-box  text-left square '><div class='counter-icon inline left box-md-icon square'><i class='stline-checklist-pen'><\/i><\/div><div class=\"inl-count\"> <span class=\"counter-number\" data-value=\"852\" data-timer=\"0\">0<\/span><p class=\"counter-title\">Trabajos al dia<\/p><\/div><\/div>[\/vc_column_inner][vc_column_inner width=\u00bb1\/4&#8243;]<div id='cntr_69e0fc8826cb2' class='counter-box  text-left square '><div class='counter-icon inline left box-md-icon square'><i class='stline-multiple-users-wifi'><\/i><\/div><div class=\"inl-count\"> <span class=\"counter-number\" data-value=\"253\" data-timer=\"0\">0<\/span><p class=\"counter-title\">Clientes por d\u00eda<\/p><\/div><\/div>[\/vc_column_inner][vc_column_inner width=\u00bb1\/4&#8243;]<div id='cntr_69e0fc8826ccc' class='counter-box  text-left square '><div class='counter-icon inline left box-md-icon square'><i class='stline-network-settings'><\/i><\/div><div class=\"inl-count\"> <span class=\"counter-number\" data-value=\"538\" data-timer=\"0\">0<\/span><p class=\"counter-title\">Cotizaciones diarias<\/p><\/div><\/div>[\/vc_column_inner][vc_column_inner width=\u00bb1\/4&#8243;]<div id='cntr_69e0fc8826ce4' class='counter-box  text-left square '><div class='counter-icon inline left box-md-icon square'><i class='stline-time-clock-circle-1'><\/i><\/div><div class=\"inl-count\"> <span class=\"counter-number\" data-value=\"12\" data-timer=\"0\">0<\/span><p class=\"counter-title\">Horas trabajadas al dia<\/p><\/div><\/div>[\/vc_column_inner][\/vc_row_inner][\/vc_column][\/vc_row]<\/p>\n","protected":false},"excerpt":{"rendered":"<p>[vc_row row_padd=\u00bbxl-padding\u00bb bg_main=\u00bbimage\u00bb fluid=\u00bb1&#8243; full_height=\u00bbyes\u00bb bg_image_repeat=\u00bbno-repeat\u00bb bg_image_position=\u00bb100% 0%\u00bb full_content=\u00bb1&#8243; wst_bg_img=\u00bb11908&#8243;][vc_column width=\u00bb1\/2&#8243; css=\u00bb.vc_custom_1550953674728{padding-right: 10% !important;padding-left: 10% !important;}\u00bb][vc_column_text css_animation=\u00bbnone\u00bb css=\u00bb.vc_custom_1607798229565{padding-right: 5% !important;padding-bottom: 60px !important;}\u00bb]Contamos con personal capacitado en diversas \u00e1reas de impresi\u00f3n y nos comprometemos a brindar el mejor servicio.[\/vc_column_text][\/vc_column][vc_column width=\u00bb1\/2&#8243;][\/vc_column][\/vc_row][vc_row bg_main=\u00bbcolor\u00bb skew_bg=\u00bbyes\u00bb skew_deg=\u00bb5&#8243; section_bg_color=\u00bb#edf6fc\u00bb css=\u00bb.vc_custom_1563760487958{margin-top: 120px !important;}\u00bb][vc_column width=\u00bb1\/2&#8243; css=\u00bb.vc_custom_1550954597513{padding-right: 8% !important;}\u00bb][vc_single_image image=\u00bb13685&#8243; img_size=\u00bbfull\u00bb][\/vc_column][vc_column width=\u00bb1\/2&#8243;][vc_column_text css=\u00bb.vc_custom_1607798403888{padding-right: 5%<\/p>\n<div class=\"wst-more-wrap\"><a class=\"wst-more-btn\" href=\"https:\/\/www.imprentagalarte.com\/imprenta\/about-us\/\">Read More<\/a><\/div>\n","protected":false},"author":1,"featured_media":0,"parent":0,"menu_order":0,"comment_status":"closed","ping_status":"closed","template":"full.php","meta":{"spay_email":""},"_links":{"self":[{"href":"https:\/\/www.imprentagalarte.com\/imprenta\/wp-json\/wp\/v2\/pages\/6968"}],"collection":[{"href":"https:\/\/www.imprentagalarte.com\/imprenta\/wp-json\/wp\/v2\/pages"}],"about":[{"href":"https:\/\/www.imprentagalarte.com\/imprenta\/wp-json\/wp\/v2\/types\/page"}],"author":[{"embeddable":true,"href":"https:\/\/www.imprentagalarte.com\/imprenta\/wp-json\/wp\/v2\/users\/1"}],"replies":[{"embeddable":true,"href":"https:\/\/www.imprentagalarte.com\/imprenta\/wp-json\/wp\/v2\/comments?post=6968"}],"version-history":[{"count":1,"href":"https:\/\/www.imprentagalarte.com\/imprenta\/wp-json\/wp\/v2\/pages\/6968\/revisions"}],"predecessor-version":[{"id":13686,"href":"https:\/\/www.imprentagalarte.com\/imprenta\/wp-json\/wp\/v2\/pages\/6968\/revisions\/13686"}],"wp:attachment":[{"href":"https:\/\/www.imprentagalarte.com\/imprenta\/wp-json\/wp\/v2\/media?parent=6968"}],"curies":[{"name":"wp","href":"https:\/\/api.w.org\/{rel}","templated":true}]}}