{"id":10585,"date":"2019-04-26T00:25:48","date_gmt":"2019-04-26T00:25:48","guid":{"rendered":"http:\/\/localhost\/qonspt\/?page_id=10585"},"modified":"2021-01-06T19:47:41","modified_gmt":"2021-01-06T19:47:41","slug":"sellos","status":"publish","type":"page","link":"https:\/\/www.imprentagalarte.com\/imprenta\/sellos\/","title":{"rendered":"Sellos"},"content":{"rendered":"<p>[vc_row row_padd=\u00bblg-padding\u00bb full_height=\u00bbyes\u00bb][vc_column width=\u00bb5\/12&#8243; css=\u00bb.vc_custom_1563046037075{padding-top: 100px !important;}\u00bb]<h3 class='wst-heading simple head_69e117a436bfc'><span style=\"color: #ffffff\">Todo lo que necesitas en sellos<\/span><\/h3><h3 class='wst-heading simple head_69e117a436c94'><span style=\"color: #ffffff\">Lo tenemos<\/span><\/h3>[vc_column_text css=\u00bb.vc_custom_1609818689753{padding-bottom: 50px !important;}\u00bb]<span style=\"color: #ffffff;\"><em>Sellos<\/em>\u00a0de Goma -Madera-Fechadores-Lacre y m\u00e1s | Personalizados con tus datos e imagen | Trabajos Urgentes | Envios a todo M\u00e9xico y todo \u00a1al mejor precio!<\/span>[\/vc_column_text][\/vc_column][vc_column width=\u00bb7\/12&#8243;][vc_single_image image=\u00bb13745&#8243; img_size=\u00bbfull\u00bb alignment=\u00bbright\u00bb][\/vc_column][\/vc_row][vc_row row_padd=\u00bb\u00bb][vc_column][vc_video link=\u00bbhttps:\/\/youtu.be\/frVFFU3uBcs\u00bb title=\u00bbImprenta Galarte El se\u00f1or de los Sellos\u00bb][vc_row_inner][vc_column_inner width=\u00bb1\/2&#8243;]<h3 class='wst-heading main centered'><span style=\"color: #ffffff\">Catalogo <span style=\"color: #ff0000\">Colop<\/span><\/span><\/h3>[vc_column_text]<span style=\"color: #ffffff;\">Calidad &amp; Gesti\u00f3n medioambiental. El sistema de gesti\u00f3n medioambiental de COLOP se ha certificado durante muchos a\u00f1os con el ISO 14001, lo que asegura que todos los procesos se hayan optimizado desde una perspectiva ecol\u00f3gica. La empresa, adem\u00e1s, ha tenido tambi\u00e9n la convicci\u00f3n de hacer una contribuci\u00f3n voluntaria superior a la media en temas medioambientales, yendo m\u00e1s all\u00e1 de la estricta reglamentaci\u00f3n nacional y de la UE. Colop tiene el certificado ISO 9001 desde el a\u00f1o 2001, este certificado es la base de un proceso de mejora continua como parte del excelente sistema de gesti\u00f3n de calidad interno de la empresa.<\/span>[\/vc_column_text][\/vc_column_inner][vc_column_inner width=\u00bb1\/2&#8243;][vc_column_text]<\/p>\n<p style=\"text-align: center;\"><a href=\"https:\/\/www.imprentagalarte.com\/imprenta\/wp-content\/uploads\/2021\/01\/COLOP-Catalogo-ES-152171.pdf\" class=\"pdfemb-viewer\" style=\"width: 500px; \" data-width=\"500\" data-height=\"max\" data-mobile-width=\"500\"  data-scrollbar=\"none\" data-download=\"on\" data-tracking=\"on\" data-newwindow=\"on\" data-pagetextbox=\"off\" data-scrolltotop=\"off\" data-startzoom=\"100\" data-startfpzoom=\"100\" data-toolbar=\"bottom\" data-toolbar-fixed=\"off\">COLOP-Catalogo-ES-152171<br\/><\/a><\/p>\n<p>[\/vc_column_text][\/vc_column_inner][\/vc_row_inner][vc_row_inner][vc_column_inner width=\u00bb1\/2&#8243;]<h3 class='wst-heading main centered'><span style=\"color: #ffffff\">Catalogo<\/span> \u00a0<span style=\"color: #f20c53\">Noris<\/span><\/h3>[vc_column_text]<\/p>\n<div><span style=\"color: #ffffff;\">Noris-Color GmbH es una empresa familiar basedo en Alemania y ha sido la producci\u00f3n y el desarrollo de diversas tintas desde 1892. La empresa Noris-Color GmbH se concentra en el servicio competente r\u00e1pido y alto y ofrece productos de alta calidad.<\/span><\/div>\n<div><\/div>\n<div><span style=\"color: #ffffff;\">Noris-Color GmbH tiene dos premisas principales en su ciudad natal Kulmbach, que est\u00e1n constantemente modernizado para cumplir con los est\u00e1ndares modernos. El equipo altamente capacidado produce aproximadamente 350 toneladas de tinta cada a\u00f1o. Especialistas altamente calificados y creativos trabajan en nuestro laboratorio.<\/span><\/div>\n<div><span style=\"color: #ffffff;\">Nuestro surtido de tinta est\u00e1ndar cubre tintas sello de la almohadilla, tintas de marcado industrial, tintas flexogr\u00e1ficas y tintas fibra de pluma. Adem\u00e1s tintas especificadas de cliente para aplicaciones de oficina e industriales son desarrollados y fabricados.<\/span><\/div>\n<p>[\/vc_column_text][\/vc_column_inner][vc_column_inner width=\u00bb1\/2&#8243;][vc_column_text]<\/p>\n<p style=\"text-align: center;\"><a href=\"https:\/\/www.imprentagalarte.com\/imprenta\/wp-content\/uploads\/2021\/01\/Catalogo-Noris.pdf\" class=\"pdfemb-viewer\" style=\"width: 500px; \" data-width=\"500\" data-height=\"max\" data-mobile-width=\"500\"  data-scrollbar=\"none\" data-download=\"on\" data-tracking=\"on\" data-newwindow=\"on\" data-pagetextbox=\"off\" data-scrolltotop=\"off\" data-startzoom=\"100\" data-startfpzoom=\"100\" data-toolbar=\"bottom\" data-toolbar-fixed=\"off\">Catalogo-Noris.pdf <br\/><\/a><\/p>\n<p>[\/vc_column_text][\/vc_column_inner][\/vc_row_inner][vc_row_inner][vc_column_inner width=\u00bb1\/2&#8243;]<h3 class='wst-heading main centered'><span style=\"color: #ffffff\">Catalogo<\/span> \u00a0<span style=\"color: #f20c53\">Trodat<\/span><\/h3>[vc_column_text]<span style=\"color: #ffffff;\">Trodat tiene sus ra\u00edces en Austria y traspas\u00f3 los l\u00edmites del pa\u00eds: el consorcio de Trodat Trotec comprende actualmente m\u00e1s de 40 filiales internacionales y ocupa a nivel mundial a m\u00e1s de 1970 colaboradores. En a\u00f1o 2019 la facturaci\u00f3n global del Grupo Trodat Trotec alcanz\u00f3 los 270 millones de Euros. Desde hace d\u00e9cadas, Trodat se expande con perseverancia y as\u00ed se convirti\u00f3 en l\u00edder del mercado mundial para sellos de autoentintaje y con\u00a0<a style=\"color: #ffffff;\" title=\"Trotec Laser\" href=\"http:\/\/www.troteclaser.com\/\" target=\"_blank\" rel=\"noopener\">Trotec\u00a0<\/a>\u00a0figuran en el \u00e1rea l\u00e1ser: grabado, marcado, corte.<\/span>[\/vc_column_text][\/vc_column_inner][vc_column_inner width=\u00bb1\/2&#8243;][vc_column_text]<\/p>\n<p style=\"text-align: center;\"><a href=\"https:\/\/www.imprentagalarte.com\/imprenta\/wp-content\/uploads\/2021\/01\/202043_Trodat_ES_eflip_opti.pdf\" class=\"pdfemb-viewer\" style=\"width: 500px; \" data-width=\"500\" data-height=\"max\" data-mobile-width=\"500\"  data-scrollbar=\"none\" data-download=\"on\" data-tracking=\"on\" data-newwindow=\"on\" data-pagetextbox=\"off\" data-scrolltotop=\"off\" data-startzoom=\"100\" data-startfpzoom=\"100\" data-toolbar=\"bottom\" data-toolbar-fixed=\"off\">202043_Trodat_ES_eflip_opti.pdf <br\/><\/a><\/p>\n<p>[\/vc_column_text][\/vc_column_inner][\/vc_row_inner][vc_row_inner][vc_column_inner width=\u00bb1\/2&#8243;]<h3 class='wst-heading main centered'><span style=\"color: #ffffff\">Catalogo<\/span> \u00a0<span style=\"color: #f20c53\">Shiny<\/span><\/h3>[vc_column_text]<span style=\"color: #ffffff;\">En 1957, Shiny dio su primer paso en la industria de la fabricaci\u00f3n de sellos de goma. A lo largo de los a\u00f1os, con el firme apoyo de sus clientes y su equipo humano, se ha labrado un nombre propio en la industria del sello a nivel mundial y ha tenido un crecimiento sostenido de a\u00f1o en a\u00f1o.<\/span><\/p>\n<p><span style=\"color: #ffffff;\">Hoy en d\u00eda, Shiny Stamp es el orgulloso propietario de un edificio de cuatro pisos, con un almac\u00e9n totalmente automatizado. Utiliza equipos de fabricaci\u00f3n de la \u00faltima tecnolog\u00eda para garantizar la alta calidad del producto, una calidad reconocida y esperada por sus clientes. En 2004, con el fin de aumentar la productividad y ofrecer a nuestro personal un mejor ambiente de trabajo, Shiny inici\u00f3 la planificaci\u00f3n para ampliar las instalaciones de producci\u00f3n.<\/span>[\/vc_column_text][\/vc_column_inner][vc_column_inner width=\u00bb1\/2&#8243;][vc_column_text]<\/p>\n<p style=\"text-align: center;\"><a href=\"https:\/\/www.imprentagalarte.com\/imprenta\/wp-content\/uploads\/2021\/01\/361772749-Catalogo-Shiny.pdf\" class=\"pdfemb-viewer\" style=\"width: 500px; \" data-width=\"500\" data-height=\"max\" data-mobile-width=\"500\"  data-scrollbar=\"none\" data-download=\"on\" data-tracking=\"on\" data-newwindow=\"on\" data-pagetextbox=\"off\" data-scrolltotop=\"off\" data-startzoom=\"100\" data-startfpzoom=\"100\" data-toolbar=\"bottom\" data-toolbar-fixed=\"off\">361772749-Catalogo-Shiny.pdf <br\/><\/a><\/p>\n<p>[\/vc_column_text][\/vc_column_inner][\/vc_row_inner][\/vc_column][\/vc_row][vc_row][vc_column]<h3 class='wst-heading main centered'><span style=\"color: #ffffff\">E<\/span> \u00a0<span style=\"color: #f20c53\">Mark<\/span><\/h3>[vc_column_text]<\/p>\n<h2 class=\"section-title\" style=\"text-align: center;\"><span style=\"color: #ffffff;\">Una nueva era para la impresi\u00f3n m\u00f3vil<\/span><\/h2>\n<div class=\"t-content\">\n<p class=\"p1\" style=\"text-align: center;\"><span class=\"s1\" style=\"color: #ffffff;\">El COLOP e-mark hace posible impresiones en color directamente sobre cualquier superficie absorbente, con un simple deslizamiento lateral del dispositivo.<\/span><\/p>\n<p class=\"p1\" style=\"text-align: center;\"><span class=\"s1\" style=\"color: #ffffff;\">Nuestra impresora m\u00f3vil tiene un tama\u00f1o reducido y es operada a trav\u00e9s de una App muy flexible.<\/span><\/p>\n<p class=\"p1\" style=\"text-align: center;\"><span class=\"s1\" style=\"color: #ffffff;\">En cuanto al cartucho, establecimos una cooperaci\u00f3n con HP Inkjet Technology para garantizar el mejor rendimiento posible y una \u00f3ptima calidad de impresi\u00f3n.<\/span><\/p>\n<\/div>\n<p>[\/vc_column_text][vc_row_inner][vc_column_inner width=\u00bb1\/3&#8243;][vc_video link=\u00bbhttps:\/\/www.youtube.com\/watch?v=z-T1md4pdUY\u00bb][vc_video link=\u00bbhttps:\/\/www.youtube.com\/watch?v=zOIYPChFnBo\u00bb][vc_video link=\u00bbhttps:\/\/www.youtube.com\/watch?v=iI1SY08ewGQ\u00bb][\/vc_column_inner][vc_column_inner width=\u00bb1\/3&#8243;][vc_video link=\u00bbhttps:\/\/www.youtube.com\/watch?v=S0j3mTbRblE\u00bb][vc_video link=\u00bbhttps:\/\/www.youtube.com\/watch?v=W-FOF4ypYPQ\u00bb][vc_video link=\u00bbhttps:\/\/www.youtube.com\/watch?v=VMBCnoOMtKU\u00bb][\/vc_column_inner][vc_column_inner width=\u00bb1\/3&#8243;][vc_video link=\u00bbhttps:\/\/www.youtube.com\/watch?v=OU2pwbLUbns&amp;t=101s\u00bb][vc_video link=\u00bbhttps:\/\/www.youtube.com\/watch?v=VjF2_p0Ur1I\u00bb][vc_video link=\u00bbhttps:\/\/www.youtube.com\/watch?v=7pyevSPMdaA\u00bb][\/vc_column_inner][vc_column_inner][\/vc_column_inner][\/vc_row_inner][\/vc_column][\/vc_row]<\/p>\n","protected":false},"excerpt":{"rendered":"<p>[vc_row row_padd=\u00bblg-padding\u00bb full_height=\u00bbyes\u00bb][vc_column width=\u00bb5\/12&#8243; css=\u00bb.vc_custom_1563046037075{padding-top: 100px !important;}\u00bb][vc_column_text css=\u00bb.vc_custom_1609818689753{padding-bottom: 50px !important;}\u00bb]Sellos\u00a0de Goma -Madera-Fechadores-Lacre y m\u00e1s | Personalizados con tus datos e imagen | Trabajos Urgentes | Envios a todo M\u00e9xico y todo \u00a1al mejor precio![\/vc_column_text][\/vc_column][vc_column width=\u00bb7\/12&#8243;][vc_single_image image=\u00bb13745&#8243; img_size=\u00bbfull\u00bb alignment=\u00bbright\u00bb][\/vc_column][\/vc_row][vc_row row_padd=\u00bb\u00bb][vc_column][vc_video link=\u00bbhttps:\/\/youtu.be\/frVFFU3uBcs\u00bb title=\u00bbImprenta Galarte El se\u00f1or de los Sellos\u00bb][vc_row_inner][vc_column_inner width=\u00bb1\/2&#8243;][vc_column_text]Calidad &amp; Gesti\u00f3n medioambiental. El sistema de gesti\u00f3n<\/p>\n<div class=\"wst-more-wrap\"><a class=\"wst-more-btn\" href=\"https:\/\/www.imprentagalarte.com\/imprenta\/sellos\/\">Read More<\/a><\/div>\n","protected":false},"author":1,"featured_media":0,"parent":0,"menu_order":0,"comment_status":"closed","ping_status":"closed","template":"full.php","meta":{"spay_email":""},"_links":{"self":[{"href":"https:\/\/www.imprentagalarte.com\/imprenta\/wp-json\/wp\/v2\/pages\/10585"}],"collection":[{"href":"https:\/\/www.imprentagalarte.com\/imprenta\/wp-json\/wp\/v2\/pages"}],"about":[{"href":"https:\/\/www.imprentagalarte.com\/imprenta\/wp-json\/wp\/v2\/types\/page"}],"author":[{"embeddable":true,"href":"https:\/\/www.imprentagalarte.com\/imprenta\/wp-json\/wp\/v2\/users\/1"}],"replies":[{"embeddable":true,"href":"https:\/\/www.imprentagalarte.com\/imprenta\/wp-json\/wp\/v2\/comments?post=10585"}],"version-history":[{"count":22,"href":"https:\/\/www.imprentagalarte.com\/imprenta\/wp-json\/wp\/v2\/pages\/10585\/revisions"}],"predecessor-version":[{"id":13777,"href":"https:\/\/www.imprentagalarte.com\/imprenta\/wp-json\/wp\/v2\/pages\/10585\/revisions\/13777"}],"wp:attachment":[{"href":"https:\/\/www.imprentagalarte.com\/imprenta\/wp-json\/wp\/v2\/media?parent=10585"}],"curies":[{"name":"wp","href":"https:\/\/api.w.org\/{rel}","templated":true}]}}